{"id":2131,"date":"2020-12-21T08:37:38","date_gmt":"2020-12-21T08:37:38","guid":{"rendered":"https:\/\/wordpress-486734-1655966.cloudwaysapps.com\/?page_id=2131"},"modified":"2024-07-18T07:15:06","modified_gmt":"2024-07-18T07:15:06","slug":"contact-2","status":"publish","type":"page","link":"https:\/\/margemfrio.pt\/?page_id=2131","title":{"rendered":"Come\u00e7ar"},"content":{"rendered":"<style>.kb-row-layout-wrap.wp-block-kadence-rowlayout.kb-row-layout-id2131_8bb7a5-98{margin-top:0px;margin-bottom:0px;}.kb-row-layout-id2131_8bb7a5-98 > .kt-row-column-wrap{align-content:start;}:where(.kb-row-layout-id2131_8bb7a5-98 > .kt-row-column-wrap) > .wp-block-kadence-column{justify-content:start;}.kb-row-layout-id2131_8bb7a5-98 > .kt-row-column-wrap{column-gap:var(--global-kb-gap-none, 0rem );row-gap:var(--global-kb-gap-md, 2rem);max-width:1140px;margin-left:auto;margin-right:auto;padding-top:112px;padding-right:10px;padding-bottom:93px;padding-left:9px;grid-template-columns:repeat(2, minmax(0, 1fr));}.kb-row-layout-id2131_8bb7a5-98{background-color:#000000;background-image:url('https:\/\/margemfrio.pt\/wp-content\/uploads\/2024\/07\/repairman-doing-air-conditioner-service-scaled.jpg');background-size:cover;background-position:40% 42%;background-attachment:scroll;background-repeat:no-repeat;}.kb-row-layout-id2131_8bb7a5-98 > .kt-row-layout-overlay{opacity:0.65;background-color:var(--global-palette2, #2B6CB0);}@media all and (max-width: 1024px){.kb-row-layout-id2131_8bb7a5-98 > .kt-row-column-wrap{padding-top:120px;padding-right:120px;padding-bottom:60px;padding-left:60px;grid-template-columns:repeat(2, minmax(0, 1fr));}}@media all and (max-width: 767px){.kb-row-layout-id2131_8bb7a5-98 > .kt-row-column-wrap{padding-top:120px;padding-right:20px;padding-bottom:30px;padding-left:20px;grid-template-columns:minmax(0, 1fr);}}<\/style><div class=\"kb-row-layout-wrap kb-row-layout-id2131_8bb7a5-98 alignnone kt-row-has-bg wp-block-kadence-rowlayout\"><div class=\"kt-row-layout-overlay kt-row-overlay-normal\"><\/div><div class=\"kt-row-column-wrap kt-has-2-columns kt-row-layout-equal kt-tab-layout-inherit kt-mobile-layout-row kt-row-valign-top\">\n<style>.kadence-column2131_dd16f8-f6 > .kt-inside-inner-col,.kadence-column2131_dd16f8-f6 > .kt-inside-inner-col:before{border-top-left-radius:0px;border-top-right-radius:0px;border-bottom-right-radius:0px;border-bottom-left-radius:0px;}.kadence-column2131_dd16f8-f6 > .kt-inside-inner-col{column-gap:var(--global-kb-gap-sm, 1rem);}.kadence-column2131_dd16f8-f6 > .kt-inside-inner-col{flex-direction:column;}.kadence-column2131_dd16f8-f6 > .kt-inside-inner-col > .aligncenter{width:100%;}.kadence-column2131_dd16f8-f6 > .kt-inside-inner-col:before{opacity:0.3;}.kadence-column2131_dd16f8-f6{position:relative;}@media all and (max-width: 1024px){.kadence-column2131_dd16f8-f6 > .kt-inside-inner-col{flex-direction:column;}}@media all and (max-width: 767px){.kadence-column2131_dd16f8-f6 > .kt-inside-inner-col{flex-direction:column;}}<\/style>\n<div class=\"wp-block-kadence-column kadence-column2131_dd16f8-f6 inner-column-1\"><div class=\"kt-inside-inner-col\"><style>.wp-block-kadence-advancedheading.kt-adv-heading2131_083ebc-a2, .wp-block-kadence-advancedheading.kt-adv-heading2131_083ebc-a2[data-kb-block=\"kb-adv-heading2131_083ebc-a2\"]{font-size:80px;line-height:80px;font-weight:700;font-style:normal;letter-spacing:-2px;color:#ffffff;}.wp-block-kadence-advancedheading.kt-adv-heading2131_083ebc-a2 mark.kt-highlight, .wp-block-kadence-advancedheading.kt-adv-heading2131_083ebc-a2[data-kb-block=\"kb-adv-heading2131_083ebc-a2\"] mark.kt-highlight{font-style:normal;color:#f76a0c;-webkit-box-decoration-break:clone;box-decoration-break:clone;padding-top:0px;padding-right:0px;padding-bottom:0px;padding-left:0px;}@media all and (max-width: 1024px){.wp-block-kadence-advancedheading.kt-adv-heading2131_083ebc-a2, .wp-block-kadence-advancedheading.kt-adv-heading2131_083ebc-a2[data-kb-block=\"kb-adv-heading2131_083ebc-a2\"]{font-size:60px;}}@media all and (max-width: 767px){.wp-block-kadence-advancedheading.kt-adv-heading2131_083ebc-a2, .wp-block-kadence-advancedheading.kt-adv-heading2131_083ebc-a2[data-kb-block=\"kb-adv-heading2131_083ebc-a2\"]{font-size:45px;}}<\/style>\n<h1 class=\"kt-adv-heading2131_083ebc-a2 wp-block-kadence-advancedheading\" data-kb-block=\"kb-adv-heading2131_083ebc-a2\">Este \u00e9 o in\u00edcio!<\/h1>\n<\/div><\/div>\n\n\n<style>.kadence-column2131_adf621-57 > .kt-inside-inner-col,.kadence-column2131_adf621-57 > .kt-inside-inner-col:before{border-top-left-radius:0px;border-top-right-radius:0px;border-bottom-right-radius:0px;border-bottom-left-radius:0px;}.kadence-column2131_adf621-57 > .kt-inside-inner-col{column-gap:var(--global-kb-gap-sm, 1rem);}.kadence-column2131_adf621-57 > .kt-inside-inner-col{flex-direction:column;}.kadence-column2131_adf621-57 > .kt-inside-inner-col > .aligncenter{width:100%;}.kadence-column2131_adf621-57 > .kt-inside-inner-col:before{opacity:0.3;}.kadence-column2131_adf621-57{position:relative;}@media all and (max-width: 1024px){.kadence-column2131_adf621-57 > .kt-inside-inner-col{flex-direction:column;}}@media all and (max-width: 767px){.kadence-column2131_adf621-57 > .kt-inside-inner-col{flex-direction:column;}}<\/style>\n<div class=\"wp-block-kadence-column kadence-column2131_adf621-57 inner-column-2\"><div class=\"kt-inside-inner-col\"><\/div><\/div>\n\n<\/div><\/div>\n\n<style>.kb-row-layout-wrap.wp-block-kadence-rowlayout.kb-row-layout-id2131_484b66-43{margin-top:0px;margin-bottom:0px;}.kb-row-layout-id2131_484b66-43 > .kt-row-column-wrap{align-content:start;}:where(.kb-row-layout-id2131_484b66-43 > .kt-row-column-wrap) > .wp-block-kadence-column{justify-content:start;}.kb-row-layout-id2131_484b66-43 > .kt-row-column-wrap{column-gap:var(--global-kb-gap-none, 0rem );row-gap:var(--global-kb-gap-md, 2rem);max-width:1140px;margin-left:auto;margin-right:auto;padding-top:80px;padding-right:0px;padding-bottom:0px;padding-left:0px;grid-template-columns:minmax(0, calc(55% - ((var(--global-kb-gap-none, 0rem ) * 1 )\/2)))minmax(0, calc(45% - ((var(--global-kb-gap-none, 0rem ) * 1 )\/2)));}.kb-row-layout-id2131_484b66-43 > .kt-row-layout-overlay{opacity:0.30;}@media all and (max-width: 1024px){.kb-row-layout-id2131_484b66-43 > .kt-row-column-wrap{padding-top:60px;padding-right:30px;padding-bottom:0px;padding-left:30px;grid-template-columns:minmax(0, 1fr);}}@media all and (max-width: 767px){.kb-row-layout-id2131_484b66-43 > .kt-row-column-wrap{grid-template-columns:minmax(0, 1fr);}}<\/style><div class=\"kb-row-layout-wrap kb-row-layout-id2131_484b66-43 alignnone wp-block-kadence-rowlayout\"><div class=\"kt-row-column-wrap kt-has-2-columns kt-row-layout-equal kt-tab-layout-row kt-mobile-layout-row kt-row-valign-top\">\n<style>.kadence-column2131_58215d-9f > .kt-inside-inner-col{padding-top:0px;padding-right:60px;padding-bottom:0px;padding-left:10px;}.kadence-column2131_58215d-9f > .kt-inside-inner-col,.kadence-column2131_58215d-9f > .kt-inside-inner-col:before{border-top-left-radius:0px;border-top-right-radius:0px;border-bottom-right-radius:0px;border-bottom-left-radius:0px;}.kadence-column2131_58215d-9f > .kt-inside-inner-col{column-gap:var(--global-kb-gap-sm, 1rem);}.kadence-column2131_58215d-9f > .kt-inside-inner-col{flex-direction:column;}.kadence-column2131_58215d-9f > .kt-inside-inner-col > .aligncenter{width:100%;}.kadence-column2131_58215d-9f > .kt-inside-inner-col:before{opacity:0.3;}.kadence-column2131_58215d-9f{position:relative;}.kadence-column2131_58215d-9f, .kt-inside-inner-col > .kadence-column2131_58215d-9f:not(.specificity){margin-top:0px;margin-right:0px;margin-bottom:0px;margin-left:0px;}@media all and (max-width: 1024px){.kadence-column2131_58215d-9f > .kt-inside-inner-col{flex-direction:column;}}@media all and (max-width: 767px){.kadence-column2131_58215d-9f > .kt-inside-inner-col{padding-right:0px;padding-left:0px;flex-direction:column;}}<\/style>\n<div class=\"wp-block-kadence-column kadence-column2131_58215d-9f inner-column-1\"><div class=\"kt-inside-inner-col\"><style>.wp-block-kadence-advancedheading.kt-adv-heading2131_af5834-d4, .wp-block-kadence-advancedheading.kt-adv-heading2131_af5834-d4[data-kb-block=\"kb-adv-heading2131_af5834-d4\"]{font-size:50px;line-height:60px;font-style:normal;}.wp-block-kadence-advancedheading.kt-adv-heading2131_af5834-d4 mark.kt-highlight, .wp-block-kadence-advancedheading.kt-adv-heading2131_af5834-d4[data-kb-block=\"kb-adv-heading2131_af5834-d4\"] mark.kt-highlight{font-style:normal;color:#f76a0c;-webkit-box-decoration-break:clone;box-decoration-break:clone;padding-top:0px;padding-right:0px;padding-bottom:0px;padding-left:0px;}<\/style>\n<h2 class=\"kt-adv-heading2131_af5834-d4 wp-block-kadence-advancedheading\" data-kb-block=\"kb-adv-heading2131_af5834-d4\">Vamos trabalhar juntos?<\/h2>\n\n\n<style>.wp-block-kadence-advancedheading.kt-adv-heading2131_cdad9e-92, .wp-block-kadence-advancedheading.kt-adv-heading2131_cdad9e-92[data-kb-block=\"kb-adv-heading2131_cdad9e-92\"]{margin-bottom:20px;font-weight:normal;font-style:normal;}.wp-block-kadence-advancedheading.kt-adv-heading2131_cdad9e-92 mark.kt-highlight, .wp-block-kadence-advancedheading.kt-adv-heading2131_cdad9e-92[data-kb-block=\"kb-adv-heading2131_cdad9e-92\"] mark.kt-highlight{font-weight:normal;font-style:normal;color:#f76a0c;-webkit-box-decoration-break:clone;box-decoration-break:clone;padding-top:0px;padding-right:0px;padding-bottom:0px;padding-left:0px;}<\/style>\n<p class=\"kt-adv-heading2131_cdad9e-92 wp-block-kadence-advancedheading has-theme-palette-4-color has-text-color\" data-kb-block=\"kb-adv-heading2131_cdad9e-92\">Descubra como as nossas solu\u00e7\u00f5es em refrigera\u00e7\u00e3o industrial podem transformar o seu neg\u00f3cio. Entre em contato connosco e inicie uma parceria de sucesso<\/p>\n\n\n<style>.kb-row-layout-wrap.wp-block-kadence-rowlayout.kb-row-layout-id2131_a360a2-6a{margin-top:30px;margin-bottom:0px;}.kb-row-layout-id2131_a360a2-6a > .kt-row-column-wrap{align-content:start;}:where(.kb-row-layout-id2131_a360a2-6a > .kt-row-column-wrap) > .wp-block-kadence-column{justify-content:start;}.kb-row-layout-id2131_a360a2-6a > .kt-row-column-wrap{column-gap:var(--global-kb-gap-none, 0rem );row-gap:var(--global-kb-gap-md, 2rem);max-width:1140px;margin-left:auto;margin-right:auto;padding-top:0px;padding-right:0px;padding-bottom:0px;padding-left:0px;grid-template-columns:repeat(2, minmax(0, 1fr));}.kb-row-layout-id2131_a360a2-6a > .kt-row-layout-overlay{opacity:0.30;}@media all and (max-width: 1024px){.kb-row-layout-id2131_a360a2-6a > .kt-row-column-wrap{grid-template-columns:repeat(2, minmax(0, 1fr));}}@media all and (max-width: 767px){.kb-row-layout-id2131_a360a2-6a > .kt-row-column-wrap{grid-template-columns:minmax(0, 1fr);}}<\/style><div class=\"kb-row-layout-wrap kb-row-layout-id2131_a360a2-6a alignnone wp-block-kadence-rowlayout\"><div class=\"kt-row-column-wrap kt-has-2-columns kt-row-layout-equal kt-tab-layout-inherit kt-mobile-layout-row kt-row-valign-top\">\n<style>.kadence-column2131_5e187f-7e > .kt-inside-inner-col{padding-top:10px;padding-right:10px;padding-bottom:10px;padding-left:10px;}.kadence-column2131_5e187f-7e > .kt-inside-inner-col,.kadence-column2131_5e187f-7e > .kt-inside-inner-col:before{border-top-left-radius:0px;border-top-right-radius:0px;border-bottom-right-radius:0px;border-bottom-left-radius:0px;}.kadence-column2131_5e187f-7e > .kt-inside-inner-col{column-gap:var(--global-kb-gap-sm, 1rem);}.kadence-column2131_5e187f-7e > .kt-inside-inner-col{flex-direction:column;}.kadence-column2131_5e187f-7e > .kt-inside-inner-col > .aligncenter{width:100%;}.kadence-column2131_5e187f-7e > .kt-inside-inner-col:before{opacity:0.3;}.kadence-column2131_5e187f-7e{position:relative;}@media all and (max-width: 1024px){.kadence-column2131_5e187f-7e > .kt-inside-inner-col{flex-direction:column;}}@media all and (max-width: 767px){.kadence-column2131_5e187f-7e > .kt-inside-inner-col{flex-direction:column;}}<\/style>\n<div class=\"wp-block-kadence-column kadence-column2131_5e187f-7e inner-column-1\"><div class=\"kt-inside-inner-col\"><style>.wp-block-kadence-advancedheading.kt-adv-heading2131_62357e-41, .wp-block-kadence-advancedheading.kt-adv-heading2131_62357e-41[data-kb-block=\"kb-adv-heading2131_62357e-41\"]{font-style:normal;}.wp-block-kadence-advancedheading.kt-adv-heading2131_62357e-41 mark.kt-highlight, .wp-block-kadence-advancedheading.kt-adv-heading2131_62357e-41[data-kb-block=\"kb-adv-heading2131_62357e-41\"] mark.kt-highlight{font-style:normal;color:#f76a0c;-webkit-box-decoration-break:clone;box-decoration-break:clone;padding-top:0px;padding-right:0px;padding-bottom:0px;padding-left:0px;}<\/style>\n<p class=\"kt-adv-heading2131_62357e-41 wp-block-kadence-advancedheading\" data-kb-block=\"kb-adv-heading2131_62357e-41\"><strong>Escrit\u00f3rios<\/strong><br>Rua Dr. Porf\u00edrio de Andrade n71<br>4435-217<br>Rio Tinto, Porto<br>Portugal<br><br>GPS<br>41.1868757, -8.5590171<\/p>\n\n\n\n<p><br><strong>Redes sociais<\/strong><br><a href=\"https:\/\/www.facebook.com\/margemfrio.frio.9\/\">Facebook<\/a><br><br><\/p>\n<\/div><\/div>\n\n\n<style>.kadence-column2131_63db49-5b > .kt-inside-inner-col{padding-top:10px;padding-right:10px;padding-bottom:10px;padding-left:10px;}.kadence-column2131_63db49-5b > .kt-inside-inner-col,.kadence-column2131_63db49-5b > .kt-inside-inner-col:before{border-top-left-radius:0px;border-top-right-radius:0px;border-bottom-right-radius:0px;border-bottom-left-radius:0px;}.kadence-column2131_63db49-5b > .kt-inside-inner-col{column-gap:var(--global-kb-gap-sm, 1rem);}.kadence-column2131_63db49-5b > .kt-inside-inner-col{flex-direction:column;}.kadence-column2131_63db49-5b > .kt-inside-inner-col > .aligncenter{width:100%;}.kadence-column2131_63db49-5b > .kt-inside-inner-col:before{opacity:0.3;}.kadence-column2131_63db49-5b{position:relative;}@media all and (max-width: 1024px){.kadence-column2131_63db49-5b > .kt-inside-inner-col{flex-direction:column;}}@media all and (max-width: 767px){.kadence-column2131_63db49-5b > .kt-inside-inner-col{flex-direction:column;}}<\/style>\n<div class=\"wp-block-kadence-column kadence-column2131_63db49-5b inner-column-2\"><div class=\"kt-inside-inner-col\"><style>.wp-block-kadence-advancedheading.kt-adv-heading2131_f1f2f8-89, .wp-block-kadence-advancedheading.kt-adv-heading2131_f1f2f8-89[data-kb-block=\"kb-adv-heading2131_f1f2f8-89\"]{font-style:normal;}.wp-block-kadence-advancedheading.kt-adv-heading2131_f1f2f8-89 mark.kt-highlight, .wp-block-kadence-advancedheading.kt-adv-heading2131_f1f2f8-89[data-kb-block=\"kb-adv-heading2131_f1f2f8-89\"] mark.kt-highlight{font-style:normal;color:#f76a0c;-webkit-box-decoration-break:clone;box-decoration-break:clone;padding-top:0px;padding-right:0px;padding-bottom:0px;padding-left:0px;}<\/style>\n<p class=\"kt-adv-heading2131_f1f2f8-89 wp-block-kadence-advancedheading\" data-kb-block=\"kb-adv-heading2131_f1f2f8-89\">tel +351 229 619 640<br>geral@margemfrio.pt<br><br>8:30h \u2013 18:00h<br><br><\/p>\n\n\n<style>.wp-block-kadence-advancedheading.kt-adv-heading2131_561acc-8f, .wp-block-kadence-advancedheading.kt-adv-heading2131_561acc-8f[data-kb-block=\"kb-adv-heading2131_561acc-8f\"]{font-style:normal;}.wp-block-kadence-advancedheading.kt-adv-heading2131_561acc-8f mark.kt-highlight, .wp-block-kadence-advancedheading.kt-adv-heading2131_561acc-8f[data-kb-block=\"kb-adv-heading2131_561acc-8f\"] mark.kt-highlight{font-style:normal;color:#f76a0c;-webkit-box-decoration-break:clone;box-decoration-break:clone;padding-top:0px;padding-right:0px;padding-bottom:0px;padding-left:0px;}<\/style>\n<p class=\"kt-adv-heading2131_561acc-8f wp-block-kadence-advancedheading\" data-kb-block=\"kb-adv-heading2131_561acc-8f\"><\/p>\n\n\n\n<figure class=\"wp-block-image size-full\"><img fetchpriority=\"high\" decoding=\"async\" width=\"3937\" height=\"1224\" src=\"https:\/\/margemfrio.pt\/wp-content\/uploads\/2024\/07\/cropped-cropped-cropped-cropped-cropped-cropped-LogoFINAL3.png\" alt=\"\" class=\"wp-image-2908\" srcset=\"https:\/\/margemfrio.pt\/wp-content\/uploads\/2024\/07\/cropped-cropped-cropped-cropped-cropped-cropped-LogoFINAL3.png 3937w, https:\/\/margemfrio.pt\/wp-content\/uploads\/2024\/07\/cropped-cropped-cropped-cropped-cropped-cropped-LogoFINAL3-300x93.png 300w, https:\/\/margemfrio.pt\/wp-content\/uploads\/2024\/07\/cropped-cropped-cropped-cropped-cropped-cropped-LogoFINAL3-1024x318.png 1024w, https:\/\/margemfrio.pt\/wp-content\/uploads\/2024\/07\/cropped-cropped-cropped-cropped-cropped-cropped-LogoFINAL3-768x239.png 768w, https:\/\/margemfrio.pt\/wp-content\/uploads\/2024\/07\/cropped-cropped-cropped-cropped-cropped-cropped-LogoFINAL3-1536x478.png 1536w, https:\/\/margemfrio.pt\/wp-content\/uploads\/2024\/07\/cropped-cropped-cropped-cropped-cropped-cropped-LogoFINAL3-2048x637.png 2048w\" sizes=\"(max-width: 3937px) 100vw, 3937px\" \/><\/figure>\n<\/div><\/div>\n\n<\/div><\/div><\/div><\/div>\n\n\n<style>.kadence-column2131_0abb5d-3d > .kt-inside-inner-col{padding-top:0px;padding-right:0px;padding-bottom:0px;padding-left:0px;}.kadence-column2131_0abb5d-3d > .kt-inside-inner-col,.kadence-column2131_0abb5d-3d > .kt-inside-inner-col:before{border-top-left-radius:0px;border-top-right-radius:0px;border-bottom-right-radius:0px;border-bottom-left-radius:0px;}.kadence-column2131_0abb5d-3d > .kt-inside-inner-col{column-gap:var(--global-kb-gap-sm, 1rem);}.kadence-column2131_0abb5d-3d > .kt-inside-inner-col{flex-direction:column;}.kadence-column2131_0abb5d-3d > .kt-inside-inner-col > .aligncenter{width:100%;}.kadence-column2131_0abb5d-3d > .kt-inside-inner-col:before{opacity:0.3;}.kadence-column2131_0abb5d-3d{position:relative;}.kadence-column2131_0abb5d-3d, .kt-inside-inner-col > .kadence-column2131_0abb5d-3d:not(.specificity){margin-top:0px;margin-right:0px;margin-bottom:0px;margin-left:0px;}@media all and (max-width: 1024px){.kadence-column2131_0abb5d-3d > .kt-inside-inner-col{flex-direction:column;}}@media all and (max-width: 767px){.kadence-column2131_0abb5d-3d > .kt-inside-inner-col{flex-direction:column;}}<\/style>\n<div class=\"wp-block-kadence-column kadence-column2131_0abb5d-3d inner-column-2\"><div class=\"kt-inside-inner-col\"><style>.kb-row-layout-wrap.wp-block-kadence-rowlayout.kb-row-layout-id2131_5eb65d-f8{margin-top:0px;margin-bottom:0px;}.kb-row-layout-id2131_5eb65d-f8 > .kt-row-column-wrap{align-content:start;}:where(.kb-row-layout-id2131_5eb65d-f8 > .kt-row-column-wrap) > .wp-block-kadence-column{justify-content:start;}.kb-row-layout-id2131_5eb65d-f8 > .kt-row-column-wrap{column-gap:var(--global-kb-gap-md, 2rem);row-gap:var(--global-kb-gap-md, 2rem);max-width:1140px;margin-left:auto;margin-right:auto;padding-top:0px;padding-right:0px;padding-bottom:0px;padding-left:0px;grid-template-columns:minmax(0, 1fr);}.kb-row-layout-id2131_5eb65d-f8 > .kt-row-layout-overlay{opacity:0.30;}@media all and (max-width: 1024px){.kb-row-layout-id2131_5eb65d-f8 > .kt-row-column-wrap{grid-template-columns:minmax(0, 1fr);}}@media all and (max-width: 767px){.kb-row-layout-id2131_5eb65d-f8 > .kt-row-column-wrap{grid-template-columns:minmax(0, 1fr);}}<\/style><div class=\"kb-row-layout-wrap kb-row-layout-id2131_5eb65d-f8 alignnone wp-block-kadence-rowlayout\"><div class=\"kt-row-column-wrap kt-has-1-columns kt-row-layout-equal kt-tab-layout-inherit kt-mobile-layout-row kt-row-valign-top\">\n<style>.kadence-column2131_19d3a2-8a > .kt-inside-inner-col{padding-top:40px;padding-right:40px;padding-bottom:40px;padding-left:40px;}.kadence-column2131_19d3a2-8a > .kt-inside-inner-col,.kadence-column2131_19d3a2-8a > .kt-inside-inner-col:before{border-top-left-radius:0px;border-top-right-radius:0px;border-bottom-right-radius:0px;border-bottom-left-radius:0px;}.kadence-column2131_19d3a2-8a > .kt-inside-inner-col{column-gap:var(--global-kb-gap-sm, 1rem);}.kadence-column2131_19d3a2-8a > .kt-inside-inner-col{flex-direction:column;}.kadence-column2131_19d3a2-8a > .kt-inside-inner-col > .aligncenter{width:100%;}.kadence-column2131_19d3a2-8a > .kt-inside-inner-col{background-color:var(--global-palette7, #EDF2F7);}.kadence-column2131_19d3a2-8a > .kt-inside-inner-col:before{opacity:0.3;}.kadence-column2131_19d3a2-8a{position:relative;}@media all and (max-width: 1024px){.kadence-column2131_19d3a2-8a > .kt-inside-inner-col{flex-direction:column;}}@media all and (max-width: 767px){.kadence-column2131_19d3a2-8a > .kt-inside-inner-col{padding-top:var(--global-kb-spacing-xxs, 0.5rem);padding-right:var(--global-kb-spacing-xxs, 0.5rem);padding-left:var(--global-kb-spacing-xxs, 0.5rem);flex-direction:column;}}<\/style>\n<div class=\"wp-block-kadence-column kadence-column2131_19d3a2-8a kadence-column_5356b3-4e\"><div class=\"kt-inside-inner-col\"><style>.wp-block-kadence-advancedgallery.kb-gallery-wrap-id-2131_5286da-b5{margin-top:0px;margin-right:0px;margin-bottom:0px;margin-left:0px;}.wp-block-kadence-advancedgallery .kb-gallery-type-grid.kb-gallery-id-2131_5286da-b5{margin:-5px;}.kb-gallery-type-grid.kb-gallery-id-2131_5286da-b5 .kadence-blocks-gallery-item{padding:5px;}.kb-gallery-id-2131_5286da-b5 .kadence-blocks-gallery-item .kb-gal-image-radius, .kb-gallery-id-2131_5286da-b5 .kb-slide-item .kb-gal-image-radius img{border-radius:3px 3px 3px 3px;;}.wp-block-kadence-advancedgallery.kb-gallery-wrap-id-2131_5286da-b5{overflow:visible;}.kb-gallery-id-2131_5286da-b5 .kadence-blocks-gallery-item .kb-gal-image-radius, .kb-gallery-id-2131_5286da-b5 .kadence-blocks-gallery-thumb-item .kb-gal-image-radius{box-shadow:0px 30px 20px -15px rgba(0, 0, 0, 0.2);}.kb-gallery-id-2131_5286da-b5 .kadence-blocks-gallery-item:hover .kb-gal-image-radius, .kb-gallery-id-2131_5286da-b5 .kadence-blocks-gallery-thumb-item:hover .kb-gal-image-radius{box-shadow:0px 30px 20px -15px rgba(0, 0, 0, 0.2);}<\/style><div class=\"kb-gallery-wrap-id-2131_5286da-b5 alignnone wp-block-kadence-advancedgallery\"><ul class=\"kb-gallery-ul kb-gallery-non-static kb-gallery-type-grid kb-gallery-id-2131_5286da-b5 kb-gallery-caption-style-bottom-hover kb-gallery-filter-none\" data-image-filter=\"none\" data-item-selector=\".kadence-blocks-gallery-item\" data-lightbox-caption=\"true\" data-columns-xxl=\"1\" data-columns-xl=\"1\" data-columns-md=\"1\" data-columns-sm=\"1\" data-columns-xs=\"1\" data-columns-ss=\"1\"><li class=\"kadence-blocks-gallery-item\"><div class=\"kadence-blocks-gallery-item-inner\"><figure class=\"kb-gallery-figure kadence-blocks-gallery-item-hide-caption\" \"><div class=\"kb-gal-image-radius\" style=\"max-width:1024px;\"><div class=\"kb-gallery-image-contain kadence-blocks-gallery-intrinsic kb-gallery-image-ratio-inherit kb-has-image-ratio-inherit\" style=\"padding-bottom:100%;\"><img decoding=\"async\" src=\"https:\/\/margemfrio.pt\/wp-content\/uploads\/2024\/07\/mhEBm9CzRteaubgZOyR8Dg.jpeg\" width=\"1024\" height=\"1024\" alt=\"\" data-full-image=\"https:\/\/margemfrio.pt\/wp-content\/uploads\/2024\/07\/mhEBm9CzRteaubgZOyR8Dg.jpeg\" data-light-image=\"https:\/\/margemfrio.pt\/wp-content\/uploads\/2024\/07\/mhEBm9CzRteaubgZOyR8Dg.jpeg\" data-id=\"2947\" class=\"wp-image-2947\" srcset=\"https:\/\/margemfrio.pt\/wp-content\/uploads\/2024\/07\/mhEBm9CzRteaubgZOyR8Dg.jpeg 1024w, https:\/\/margemfrio.pt\/wp-content\/uploads\/2024\/07\/mhEBm9CzRteaubgZOyR8Dg-300x300.jpeg 300w, https:\/\/margemfrio.pt\/wp-content\/uploads\/2024\/07\/mhEBm9CzRteaubgZOyR8Dg-150x150.jpeg 150w, https:\/\/margemfrio.pt\/wp-content\/uploads\/2024\/07\/mhEBm9CzRteaubgZOyR8Dg-768x768.jpeg 768w\" sizes=\"(max-width: 1024px) 100vw, 1024px\" \/><\/div><\/div><\/figure><\/div><\/li><\/ul><\/div>\n\n<style>.wp-block-kadence-spacer.kt-block-spacer-2131_e8cf92-b7 .kt-block-spacer{height:20px;}.wp-block-kadence-spacer.kt-block-spacer-2131_e8cf92-b7 .kt-divider{border-top-width:1px;height:1px;border-top-color:#eee;width:80%;border-top-style:solid;}<\/style>\n<div class=\"wp-block-kadence-spacer aligncenter kt-block-spacer-2131_e8cf92-b7\"><div class=\"kt-block-spacer kt-block-spacer-halign-center\"><\/div><\/div>\n\n\n<style>.wp-block-kadence-advancedheading.kt-adv-heading2131_1900c9-66, .wp-block-kadence-advancedheading.kt-adv-heading2131_1900c9-66[data-kb-block=\"kb-adv-heading2131_1900c9-66\"]{margin-top:10px;font-size:30px;line-height:30px;font-style:normal;}.wp-block-kadence-advancedheading.kt-adv-heading2131_1900c9-66 mark.kt-highlight, .wp-block-kadence-advancedheading.kt-adv-heading2131_1900c9-66[data-kb-block=\"kb-adv-heading2131_1900c9-66\"] mark.kt-highlight{font-style:normal;color:#f76a0c;-webkit-box-decoration-break:clone;box-decoration-break:clone;padding-top:0px;padding-right:0px;padding-bottom:0px;padding-left:0px;}<\/style>\n<h3 class=\"kt-adv-heading2131_1900c9-66 wp-block-kadence-advancedheading\" data-kb-block=\"kb-adv-heading2131_1900c9-66\">Envie-nos uma mensagem<\/h3>\n\n\n<style>.wp-block-kadence-advancedheading.kt-adv-heading2131_8047f7-44, .wp-block-kadence-advancedheading.kt-adv-heading2131_8047f7-44[data-kb-block=\"kb-adv-heading2131_8047f7-44\"]{font-style:normal;}.wp-block-kadence-advancedheading.kt-adv-heading2131_8047f7-44 mark.kt-highlight, .wp-block-kadence-advancedheading.kt-adv-heading2131_8047f7-44[data-kb-block=\"kb-adv-heading2131_8047f7-44\"] mark.kt-highlight{font-style:normal;color:#f76a0c;-webkit-box-decoration-break:clone;box-decoration-break:clone;padding-top:0px;padding-right:0px;padding-bottom:0px;padding-left:0px;}<\/style>\n<p class=\"kt-adv-heading2131_8047f7-44 wp-block-kadence-advancedheading\" data-kb-block=\"kb-adv-heading2131_8047f7-44\"><a href=\"mailto:geral@margemfrio.pt\">geral@margemfrio.pt<\/a><\/p>\n<\/div><\/div>\n\n<\/div><\/div><\/div><\/div>\n\n<\/div><\/div>\n\n\n<p><\/p>\n","protected":false},"excerpt":{"rendered":"<p>Este \u00e9 o in\u00edcio! Vamos trabalhar juntos? Descubra como as nossas solu\u00e7\u00f5es em refrigera\u00e7\u00e3o industrial podem transformar o seu neg\u00f3cio. Entre em contato connosco e inicie uma parceria de sucesso Escrit\u00f3riosRua Dr. Porf\u00edrio de Andrade n714435-217Rio Tinto, PortoPortugal GPS41.1868757, -8.5590171 Redes sociaisFacebook tel +351 229 619 640geral@margemfrio.pt 8:30h \u2013 18:00h Envie-nos uma mensagem geral@margemfrio.pt<\/p>\n","protected":false},"author":1,"featured_media":2697,"parent":0,"menu_order":0,"comment_status":"closed","ping_status":"closed","template":"","meta":{"_kadence_starter_templates_imported_post":true,"_kad_post_transparent":"","_kad_post_title":"hide","_kad_post_layout":"fullwidth","_kad_post_sidebar_id":"","_kad_post_content_style":"unboxed","_kad_post_vertical_padding":"hide","_kad_post_feature":"hide","_kad_post_feature_position":"","_kad_post_header":false,"_kad_post_footer":false,"footnotes":""},"class_list":["post-2131","page","type-page","status-publish","has-post-thumbnail","hentry"],"_links":{"self":[{"href":"https:\/\/margemfrio.pt\/index.php?rest_route=\/wp\/v2\/pages\/2131","targetHints":{"allow":["GET"]}}],"collection":[{"href":"https:\/\/margemfrio.pt\/index.php?rest_route=\/wp\/v2\/pages"}],"about":[{"href":"https:\/\/margemfrio.pt\/index.php?rest_route=\/wp\/v2\/types\/page"}],"author":[{"embeddable":true,"href":"https:\/\/margemfrio.pt\/index.php?rest_route=\/wp\/v2\/users\/1"}],"replies":[{"embeddable":true,"href":"https:\/\/margemfrio.pt\/index.php?rest_route=%2Fwp%2Fv2%2Fcomments&post=2131"}],"version-history":[{"count":6,"href":"https:\/\/margemfrio.pt\/index.php?rest_route=\/wp\/v2\/pages\/2131\/revisions"}],"predecessor-version":[{"id":2956,"href":"https:\/\/margemfrio.pt\/index.php?rest_route=\/wp\/v2\/pages\/2131\/revisions\/2956"}],"wp:featuredmedia":[{"embeddable":true,"href":"https:\/\/margemfrio.pt\/index.php?rest_route=\/wp\/v2\/media\/2697"}],"wp:attachment":[{"href":"https:\/\/margemfrio.pt\/index.php?rest_route=%2Fwp%2Fv2%2Fmedia&parent=2131"}],"curies":[{"name":"wp","href":"https:\/\/api.w.org\/{rel}","templated":true}]}}